{"id":1708,"date":"2024-05-13T03:33:30","date_gmt":"2024-05-13T03:33:30","guid":{"rendered":"https:\/\/sungwooeoe.lightweb.kr\/home\/"},"modified":"2024-05-13T03:33:31","modified_gmt":"2024-05-13T03:33:31","slug":"home","status":"publish","type":"page","link":"https:\/\/sungwooeoe.com\/fr\/","title":{"rendered":"HOME"},"content":{"rendered":"\t\t<div data-elementor-type=\"wp-post\" data-elementor-id=\"1708\" class=\"elementor elementor-1708 elementor-65\">\n\t\t\t\t\t\t<section class=\"elementor-section elementor-top-section elementor-element elementor-element-35c38e4f elementor-section-height-min-height elementor-section-boxed elementor-section-height-default elementor-section-items-middle\" data-id=\"35c38e4f\" data-element_type=\"section\" data-settings=\"{&quot;background_background&quot;:&quot;classic&quot;}\">\n\t\t\t\t\t\t<div class=\"elementor-container elementor-column-gap-default\">\n\t\t\t\t\t<div class=\"elementor-column elementor-col-100 elementor-top-column elementor-element elementor-element-26676050\" data-id=\"26676050\" data-element_type=\"column\">\n\t\t\t<div class=\"elementor-widget-wrap elementor-element-populated\">\n\t\t\t\t\t\t<div class=\"elementor-element elementor-element-50619def elementor-widget elementor-widget-heading\" data-id=\"50619def\" data-element_type=\"widget\" data-widget_type=\"heading.default\">\n\t\t\t\t<div class=\"elementor-widget-container\">\n\t\t\t<h2 class=\"elementor-heading-title elementor-size-default\">SUNGWOO E.O.E<\/h2>\t\t<\/div>\n\t\t\t\t<\/div>\n\t\t\t\t<div class=\"elementor-element elementor-element-7ffe2cac elementor-hidden-phone elementor-widget elementor-widget-text-editor\" data-id=\"7ffe2cac\" data-element_type=\"widget\" data-widget_type=\"text-editor.default\">\n\t\t\t\t<div class=\"elementor-widget-container\">\n\t\t\t\t\t\t\tSungwoo est n\u00e9 en raison de l&rsquo;investissement continu dans la R-D et la technologie..\r\nLes BPANI de haute qualit\u00e9 de Sungwoo, de haute qualit\u00e9, ont rapidement acquis une reconnaissance.\r\nSur le march\u00e9 local et asiatique, en raison du mat\u00e9riel de haute qualit\u00e9 utilis\u00e9,.\r\nLa pr\u00e9cision et l&rsquo;\u00e9tablissement de prix concurrentiels. Expanding maintenant sur le march\u00e9 international,.\r\nAvec les clients actuels en Europe, en Am\u00e9rique du Nord et en Am\u00e9rique du Sud.\t\t\t\t\t\t<\/div>\n\t\t\t\t<\/div>\n\t\t\t\t<div class=\"elementor-element elementor-element-564d7a9e elementor-hidden-desktop elementor-hidden-tablet elementor-widget elementor-widget-text-editor\" data-id=\"564d7a9e\" data-element_type=\"widget\" data-widget_type=\"text-editor.default\">\n\t\t\t\t<div class=\"elementor-widget-container\">\n\t\t\t\t\t\t\tSungwoo est n\u00e9 en raison de l&rsquo;investissement continu dans la R-D et la technologie..\r\nLes BPANI de haute qualit\u00e9 de Sungwoo, de haute qualit\u00e9, ont rapidement acquis une reconnaissance.\r\nSur le march\u00e9 local et asiatique, en raison du mat\u00e9riel de haute qualit\u00e9 utilis\u00e9,.\r\nLa pr\u00e9cision et l&rsquo;\u00e9tablissement de prix concurrentiels. Expanding maintenant sur le march\u00e9 international,.\r\nAvec les clients actuels en Europe, en Am\u00e9rique du Nord et en Am\u00e9rique du Sud.\t\t\t\t\t\t<\/div>\n\t\t\t\t<\/div>\n\t\t\t\t\t<\/div>\n\t\t<\/div>\n\t\t\t\t\t<\/div>\n\t\t<\/section>\n\t\t\t\t<section class=\"elementor-section elementor-top-section elementor-element elementor-element-76cba704 elementor-section-boxed elementor-section-height-default elementor-section-height-default\" data-id=\"76cba704\" data-element_type=\"section\" data-settings=\"{&quot;background_background&quot;:&quot;classic&quot;}\">\n\t\t\t\t\t\t<div class=\"elementor-container elementor-column-gap-no\">\n\t\t\t\t\t<div class=\"elementor-column elementor-col-100 elementor-top-column elementor-element elementor-element-2550b6db\" data-id=\"2550b6db\" data-element_type=\"column\">\n\t\t\t<div class=\"elementor-widget-wrap elementor-element-populated\">\n\t\t\t\t\t\t<div class=\"elementor-element elementor-element-355fa306 elementor-widget elementor-widget-heading\" data-id=\"355fa306\" data-element_type=\"widget\" data-widget_type=\"heading.default\">\n\t\t\t\t<div class=\"elementor-widget-container\">\n\t\t\t<h2 class=\"elementor-heading-title elementor-size-default\">MAIN <SPAN>PRODUCT<\/SPAN><\/h2>\t\t<\/div>\n\t\t\t\t<\/div>\n\t\t\t\t<div class=\"elementor-element elementor-element-6a2f3c03 elementor-widget elementor-widget-text-editor\" data-id=\"6a2f3c03\" data-element_type=\"widget\" data-widget_type=\"text-editor.default\">\n\t\t\t\t<div class=\"elementor-widget-container\">\n\t\t\t\t\t\t\t<p>The main product of the SUNGWOO E.O.E<\/p>\r\n\t\t\t\t\t\t<\/div>\n\t\t\t\t<\/div>\n\t\t\t\t\t<\/div>\n\t\t<\/div>\n\t\t\t\t\t<\/div>\n\t\t<\/section>\n\t\t\t\t<section class=\"elementor-section elementor-top-section elementor-element elementor-element-7013b9ef elementor-section-boxed elementor-section-height-default elementor-section-height-default\" data-id=\"7013b9ef\" data-element_type=\"section\" id=\"window_img\" data-settings=\"{&quot;background_background&quot;:&quot;classic&quot;}\">\n\t\t\t\t\t\t<div class=\"elementor-container elementor-column-gap-default\">\n\t\t\t\t\t<div class=\"elementor-column elementor-col-50 elementor-top-column elementor-element elementor-element-7557c00b\" data-id=\"7557c00b\" data-element_type=\"column\">\n\t\t\t<div class=\"elementor-widget-wrap elementor-element-populated\">\n\t\t\t\t\t\t<section class=\"elementor-section elementor-inner-section elementor-element elementor-element-6cfc94d4 elementor-section-height-min-height sungwoo_main_pd_img elementor-section-boxed elementor-section-height-default\" data-id=\"6cfc94d4\" data-element_type=\"section\" data-settings=\"{&quot;background_background&quot;:&quot;classic&quot;}\">\n\t\t\t\t\t\t<div class=\"elementor-container elementor-column-gap-narrow\">\n\t\t\t\t\t<div class=\"elementor-column elementor-col-50 elementor-inner-column elementor-element elementor-element-3d2af6d2\" data-id=\"3d2af6d2\" data-element_type=\"column\">\n\t\t\t<div class=\"elementor-widget-wrap elementor-element-populated\">\n\t\t\t\t\t\t<div class=\"elementor-element elementor-element-43f8793e elementor-widget elementor-widget-image\" data-id=\"43f8793e\" data-element_type=\"widget\" data-widget_type=\"image.default\">\n\t\t\t\t<div class=\"elementor-widget-container\">\n\t\t\t\t\t\t\t\t\t\t\t\t\t\t<a href=\"\/fr\/eoe-category-product\/eoe-fr\/\">\n\t\t\t\t\t\t\t<img fetchpriority=\"high\" decoding=\"async\" width=\"863\" height=\"538\" src=\"https:\/\/sungwooeoe.com\/wp-content\/uploads\/2019\/02\/eoe.png\" class=\"attachment-large size-large wp-image-1488\" alt=\"\" srcset=\"https:\/\/sungwooeoe.com\/wp-content\/uploads\/2019\/02\/eoe.png 863w, https:\/\/sungwooeoe.com\/wp-content\/uploads\/2019\/02\/eoe-300x187.png 300w, https:\/\/sungwooeoe.com\/wp-content\/uploads\/2019\/02\/eoe-768x479.png 768w\" sizes=\"(max-width: 863px) 100vw, 863px\" \/>\t\t\t\t\t\t\t\t<\/a>\n\t\t\t\t\t\t\t\t\t\t\t\t\t<\/div>\n\t\t\t\t<\/div>\n\t\t\t\t\t<\/div>\n\t\t<\/div>\n\t\t\t\t<div class=\"elementor-column elementor-col-50 elementor-inner-column elementor-element elementor-element-1cb87d0d\" data-id=\"1cb87d0d\" data-element_type=\"column\">\n\t\t\t<div class=\"elementor-widget-wrap elementor-element-populated\">\n\t\t\t\t\t\t<div class=\"elementor-element elementor-element-32c091f5 elementor-widget elementor-widget-heading\" data-id=\"32c091f5\" data-element_type=\"widget\" data-widget_type=\"heading.default\">\n\t\t\t\t<div class=\"elementor-widget-container\">\n\t\t\t<h2 class=\"elementor-heading-title elementor-size-default\">E.O.E<\/h2>\t\t<\/div>\n\t\t\t\t<\/div>\n\t\t\t\t<div class=\"elementor-element elementor-element-53e71848 elementor-widget elementor-widget-text-editor\" data-id=\"53e71848\" data-element_type=\"widget\" data-widget_type=\"text-editor.default\">\n\t\t\t\t<div class=\"elementor-widget-container\">\n\t\t\t\t\t\t\t<p>type : 3000D, 307D, 202D<\/p>\r\n\t\t\t\t\t\t<\/div>\n\t\t\t\t<\/div>\n\t\t\t\t\t<\/div>\n\t\t<\/div>\n\t\t\t\t\t<\/div>\n\t\t<\/section>\n\t\t\t\t<section class=\"elementor-section elementor-inner-section elementor-element elementor-element-36edffb1 elementor-section-height-min-height sungwoo_main_pd_img elementor-section-boxed elementor-section-height-default\" data-id=\"36edffb1\" data-element_type=\"section\" data-settings=\"{&quot;background_background&quot;:&quot;classic&quot;}\">\n\t\t\t\t\t\t<div class=\"elementor-container elementor-column-gap-narrow\">\n\t\t\t\t\t<div class=\"elementor-column elementor-col-50 elementor-inner-column elementor-element elementor-element-1fc7ab86\" data-id=\"1fc7ab86\" data-element_type=\"column\">\n\t\t\t<div class=\"elementor-widget-wrap elementor-element-populated\">\n\t\t\t\t\t\t<div class=\"elementor-element elementor-element-76f702f4 elementor-widget elementor-widget-image\" data-id=\"76f702f4\" data-element_type=\"widget\" data-widget_type=\"image.default\">\n\t\t\t\t<div class=\"elementor-widget-container\">\n\t\t\t\t\t\t\t\t\t\t\t\t\t\t<a href=\"\/fr\/eoe-category-product\/aerosol-fr\/\">\n\t\t\t\t\t\t\t<img decoding=\"async\" width=\"863\" height=\"538\" src=\"https:\/\/sungwooeoe.com\/wp-content\/uploads\/2019\/02\/aerosol.png\" class=\"attachment-large size-large wp-image-1491\" alt=\"\" srcset=\"https:\/\/sungwooeoe.com\/wp-content\/uploads\/2019\/02\/aerosol.png 863w, https:\/\/sungwooeoe.com\/wp-content\/uploads\/2019\/02\/aerosol-300x187.png 300w, https:\/\/sungwooeoe.com\/wp-content\/uploads\/2019\/02\/aerosol-768x479.png 768w\" sizes=\"(max-width: 863px) 100vw, 863px\" \/>\t\t\t\t\t\t\t\t<\/a>\n\t\t\t\t\t\t\t\t\t\t\t\t\t<\/div>\n\t\t\t\t<\/div>\n\t\t\t\t\t<\/div>\n\t\t<\/div>\n\t\t\t\t<div class=\"elementor-column elementor-col-50 elementor-inner-column elementor-element elementor-element-7499a497\" data-id=\"7499a497\" data-element_type=\"column\">\n\t\t\t<div class=\"elementor-widget-wrap elementor-element-populated\">\n\t\t\t\t\t\t<div class=\"elementor-element elementor-element-4d4523e4 elementor-widget elementor-widget-heading\" data-id=\"4d4523e4\" data-element_type=\"widget\" data-widget_type=\"heading.default\">\n\t\t\t\t<div class=\"elementor-widget-container\">\n\t\t\t<h2 class=\"elementor-heading-title elementor-size-default\">AEROSOL<\/h2>\t\t<\/div>\n\t\t\t\t<\/div>\n\t\t\t\t<div class=\"elementor-element elementor-element-3eaf07cf elementor-widget elementor-widget-text-editor\" data-id=\"3eaf07cf\" data-element_type=\"widget\" data-widget_type=\"text-editor.default\">\n\t\t\t\t<div class=\"elementor-widget-container\">\n\t\t\t\t\t\t\t<p>type : DOME, BOTTOM<\/p>\r\n\t\t\t\t\t\t<\/div>\n\t\t\t\t<\/div>\n\t\t\t\t\t<\/div>\n\t\t<\/div>\n\t\t\t\t\t<\/div>\n\t\t<\/section>\n\t\t\t\t<section class=\"elementor-section elementor-inner-section elementor-element elementor-element-437069c3 elementor-section-height-min-height sungwoo_main_pd_img elementor-section-boxed elementor-section-height-default\" data-id=\"437069c3\" data-element_type=\"section\" data-settings=\"{&quot;background_background&quot;:&quot;classic&quot;}\">\n\t\t\t\t\t\t<div class=\"elementor-container elementor-column-gap-narrow\">\n\t\t\t\t\t<div class=\"elementor-column elementor-col-50 elementor-inner-column elementor-element elementor-element-2f7814ce\" data-id=\"2f7814ce\" data-element_type=\"column\">\n\t\t\t<div class=\"elementor-widget-wrap elementor-element-populated\">\n\t\t\t\t\t\t<div class=\"elementor-element elementor-element-27715db9 elementor-widget elementor-widget-image\" data-id=\"27715db9\" data-element_type=\"widget\" data-widget_type=\"image.default\">\n\t\t\t\t<div class=\"elementor-widget-container\">\n\t\t\t\t\t\t\t\t\t\t\t\t\t\t<a href=\"\/fr\/eoe-category-product\/valve-cup-fr\/\">\n\t\t\t\t\t\t\t<img decoding=\"async\" width=\"863\" height=\"538\" src=\"https:\/\/sungwooeoe.com\/wp-content\/uploads\/2019\/02\/valvecup.png\" class=\"attachment-large size-large wp-image-1494\" alt=\"\" srcset=\"https:\/\/sungwooeoe.com\/wp-content\/uploads\/2019\/02\/valvecup.png 863w, https:\/\/sungwooeoe.com\/wp-content\/uploads\/2019\/02\/valvecup-300x187.png 300w, https:\/\/sungwooeoe.com\/wp-content\/uploads\/2019\/02\/valvecup-768x479.png 768w\" sizes=\"(max-width: 863px) 100vw, 863px\" \/>\t\t\t\t\t\t\t\t<\/a>\n\t\t\t\t\t\t\t\t\t\t\t\t\t<\/div>\n\t\t\t\t<\/div>\n\t\t\t\t\t<\/div>\n\t\t<\/div>\n\t\t\t\t<div class=\"elementor-column elementor-col-50 elementor-inner-column elementor-element elementor-element-3e3df063\" data-id=\"3e3df063\" data-element_type=\"column\">\n\t\t\t<div class=\"elementor-widget-wrap elementor-element-populated\">\n\t\t\t\t\t\t<div class=\"elementor-element elementor-element-40b15c6a elementor-widget elementor-widget-text-editor\" data-id=\"40b15c6a\" data-element_type=\"widget\" data-widget_type=\"text-editor.default\">\n\t\t\t\t<div class=\"elementor-widget-container\">\n\t\t\t\t\t\t\t<p>&nbsp;<\/p>\r\n<div style=\"color: #0093ca;font-size: 24px;padding-bottom: 10px\">VALVE CUP<\/div>\r\n<p>type : DOME, CUP<\/p>\r\n\t\t\t\t\t\t<\/div>\n\t\t\t\t<\/div>\n\t\t\t\t\t<\/div>\n\t\t<\/div>\n\t\t\t\t\t<\/div>\n\t\t<\/section>\n\t\t\t\t\t<\/div>\n\t\t<\/div>\n\t\t\t\t<div class=\"elementor-column elementor-col-50 elementor-top-column elementor-element elementor-element-48f5b302\" data-id=\"48f5b302\" data-element_type=\"column\">\n\t\t\t<div class=\"elementor-widget-wrap elementor-element-populated\">\n\t\t\t\t\t\t<div class=\"elementor-element elementor-element-228e71c0 elementor-widget elementor-widget-html\" data-id=\"228e71c0\" data-element_type=\"widget\" data-widget_type=\"html.default\">\n\t\t\t\t<div class=\"elementor-widget-container\">\n\t\t\t<style>\r\n    .main-pd-st02-02{\r\n        display:none;\r\n    }\r\n<\/style>    \r\n<script>\r\n    jQuery(document).ready(function($){\r\n        $(\".pt-st01\").click(function(){\r\n            $(\".main-pd-st01-01\").show();\r\n            $(\".main-pd-st02-02\").hide();\r\n            });\r\n        $(\".pt-st02\").click(function(){\r\n            $(\".main-pd-st01-01\").hide();\r\n            $(\".main-pd-st02-02\").show();\r\n        });\r\n    });\r\n<\/script>\r\n\r\n\r\n    \r\n    <div class=\"main-pd-st-at\">\r\n    <div class=\"main-pd-st01\">\r\n        <a><div class=\"pt-st01 active\">\r\n            English\r\n        <\/div><\/a>\r\n    <\/div>\r\n    <div class=\"main-pd-st02\">\r\n        <a><div class=\"pt-st02\">\r\n            Russia\r\n        <\/div><\/a>\r\n    <\/div>\r\n    <\/div>    \r\n    \r\n\t\t<\/div>\n\t\t\t\t<\/div>\n\t\t\t\t<div class=\"elementor-element elementor-element-1cf5ecec main-pd-st01-01 elementor-widget elementor-widget-video\" data-id=\"1cf5ecec\" data-element_type=\"widget\" data-settings=\"{&quot;youtube_url&quot;:&quot;https:\\\/\\\/youtu.be\\\/OdA-vZ7etr4&quot;,&quot;video_type&quot;:&quot;youtube&quot;,&quot;controls&quot;:&quot;yes&quot;}\" data-widget_type=\"video.default\">\n\t\t\t\t<div class=\"elementor-widget-container\">\n\t\t\t\t\t<div class=\"elementor-wrapper elementor-open-inline\">\n\t\t\t<div class=\"elementor-video\"><\/div>\t\t<\/div>\n\t\t\t\t<\/div>\n\t\t\t\t<\/div>\n\t\t\t\t<div class=\"elementor-element elementor-element-356c003b main-pd-st02-02 elementor-widget elementor-widget-video\" data-id=\"356c003b\" data-element_type=\"widget\" data-settings=\"{&quot;youtube_url&quot;:&quot;https:\\\/\\\/youtu.be\\\/BooYn6bZPgA&quot;,&quot;video_type&quot;:&quot;youtube&quot;,&quot;controls&quot;:&quot;yes&quot;}\" data-widget_type=\"video.default\">\n\t\t\t\t<div class=\"elementor-widget-container\">\n\t\t\t\t\t<div class=\"elementor-wrapper elementor-open-inline\">\n\t\t\t<div class=\"elementor-video\"><\/div>\t\t<\/div>\n\t\t\t\t<\/div>\n\t\t\t\t<\/div>\n\t\t\t\t<section class=\"elementor-section elementor-inner-section elementor-element elementor-element-60e101dd elementor-section-boxed elementor-section-height-default elementor-section-height-default\" data-id=\"60e101dd\" data-element_type=\"section\">\n\t\t\t\t\t\t<div class=\"elementor-container elementor-column-gap-no\">\n\t\t\t\t\t<div class=\"elementor-column elementor-col-100 elementor-inner-column elementor-element elementor-element-70bf6c6a\" data-id=\"70bf6c6a\" data-element_type=\"column\">\n\t\t\t<div class=\"elementor-widget-wrap elementor-element-populated\">\n\t\t\t\t\t\t<div class=\"elementor-element elementor-element-5266edbd elementor-widget elementor-widget-text-editor\" data-id=\"5266edbd\" data-element_type=\"widget\" data-widget_type=\"text-editor.default\">\n\t\t\t\t<div class=\"elementor-widget-container\">\n\t\t\t\t\t\t\t<span style=\"font-size: 20px;color: #333;font-weight: 600\">SUNGWOO E.O.E VIDEO<\/span>\r\n\t\t\t\t\t\t<\/div>\n\t\t\t\t<\/div>\n\t\t\t\t\t<\/div>\n\t\t<\/div>\n\t\t\t\t\t<\/div>\n\t\t<\/section>\n\t\t\t\t\t<\/div>\n\t\t<\/div>\n\t\t\t\t\t<\/div>\n\t\t<\/section>\n\t\t\t\t<section class=\"elementor-section elementor-top-section elementor-element elementor-element-502cba91 elementor-section-boxed elementor-section-height-default elementor-section-height-default\" data-id=\"502cba91\" data-element_type=\"section\">\n\t\t\t\t\t\t<div class=\"elementor-container elementor-column-gap-no\">\n\t\t\t\t\t<div class=\"elementor-column elementor-col-100 elementor-top-column elementor-element elementor-element-3be1da32\" data-id=\"3be1da32\" data-element_type=\"column\">\n\t\t\t<div class=\"elementor-widget-wrap elementor-element-populated\">\n\t\t\t\t\t\t<div class=\"elementor-element elementor-element-78e56f78 elementor-widget-divider--view-line elementor-widget elementor-widget-divider\" data-id=\"78e56f78\" data-element_type=\"widget\" data-widget_type=\"divider.default\">\n\t\t\t\t<div class=\"elementor-widget-container\">\n\t\t\t\t\t<div class=\"elementor-divider\">\n\t\t\t<span class=\"elementor-divider-separator\">\n\t\t\t\t\t\t<\/span>\n\t\t<\/div>\n\t\t\t\t<\/div>\n\t\t\t\t<\/div>\n\t\t\t\t<div class=\"elementor-element elementor-element-4ca7c62d elementor-widget elementor-widget-heading\" data-id=\"4ca7c62d\" data-element_type=\"widget\" data-widget_type=\"heading.default\">\n\t\t\t\t<div class=\"elementor-widget-container\">\n\t\t\t<h2 class=\"elementor-heading-title elementor-size-default\">News<\/h2>\t\t<\/div>\n\t\t\t\t<\/div>\n\t\t\t\t<div class=\"elementor-element elementor-element-e176bb0 elementor-widget elementor-widget-text-editor\" data-id=\"e176bb0\" data-element_type=\"widget\" data-widget_type=\"text-editor.default\">\n\t\t\t\t<div class=\"elementor-widget-container\">\n\t\t\t\t\t\t\t<p><div id=\"kboard-default-latest\">\r\n\t<table>\r\n\t\t<thead>\r\n\t\t\t<tr>\r\n\t\t\t\t<th class=\"kboard-latest-title\">Title<\/th>\r\n\t\t\t\t<th class=\"kboard-latest-date\">Date<\/th>\r\n\t\t\t<\/tr>\r\n\t\t<\/thead>\r\n\t\t<tbody>\r\n\t\t\t\t\t\t<tr>\r\n\t\t\t\t<td class=\"kboard-latest-title\">\r\n\t\t\t\t\t<a href=\"\/%EA%B3%B5%EC%A7%80%EC%82%AC%ED%95%AD\/?uid=3&#038;mod=document\">\r\n\t\t\t\t\t\t<div class=\"kboard-default-cut-strings\">\r\n\t\t\t\t\t\t\t\t\t\t\t\t\t\t\t\t\t\t\t\t\tTuna 2018 in Thailand\t\t\t\t\t\t\t<span class=\"kboard-comments-count\"><\/span>\r\n\t\t\t\t\t\t<\/div>\r\n\t\t\t\t\t<\/a>\r\n\t\t\t\t<\/td>\r\n\t\t\t\t<td class=\"kboard-latest-date\">2019.03.05<\/td>\r\n\t\t\t<\/tr>\r\n\t\t\t\t\t\t<tr>\r\n\t\t\t\t<td class=\"kboard-latest-title\">\r\n\t\t\t\t\t<a href=\"\/%EA%B3%B5%EC%A7%80%EC%82%AC%ED%95%AD\/?uid=2&#038;mod=document\">\r\n\t\t\t\t\t\t<div class=\"kboard-default-cut-strings\">\r\n\t\t\t\t\t\t\t\t\t\t\t\t\t\t\t\t\t\t\t\t\tSeafood Expo Global in Brussels\t\t\t\t\t\t\t<span class=\"kboard-comments-count\"><\/span>\r\n\t\t\t\t\t\t<\/div>\r\n\t\t\t\t\t<\/a>\r\n\t\t\t\t<\/td>\r\n\t\t\t\t<td class=\"kboard-latest-date\">2019.02.18<\/td>\r\n\t\t\t<\/tr>\r\n\t\t\t\t\t\t<tr>\r\n\t\t\t\t<td class=\"kboard-latest-title\">\r\n\t\t\t\t\t<a href=\"\/%EA%B3%B5%EC%A7%80%EC%82%AC%ED%95%AD\/?uid=1&#038;mod=document\">\r\n\t\t\t\t\t\t<div class=\"kboard-default-cut-strings\">\r\n\t\t\t\t\t\t\t\t\t\t\t\t\t\t\t\t\t\t\t\t\t\uc131\uc6b0 E.O.E\uc758 \uacf5\uc9c0\uc0ac\ud56d \uc785\ub2c8\ub2e4.\t\t\t\t\t\t\t<span class=\"kboard-comments-count\"><\/span>\r\n\t\t\t\t\t\t<\/div>\r\n\t\t\t\t\t<\/a>\r\n\t\t\t\t<\/td>\r\n\t\t\t\t<td class=\"kboard-latest-date\">2019.02.18<\/td>\r\n\t\t\t<\/tr>\r\n\t\t\t\t\t<\/tbody>\r\n\t<\/table>\r\n<\/div><\/p>\r\n\t\t\t\t\t\t<\/div>\n\t\t\t\t<\/div>\n\t\t\t\t\t<\/div>\n\t\t<\/div>\n\t\t\t\t\t<\/div>\n\t\t<\/section>\n\t\t\t\t<section class=\"elementor-section elementor-top-section elementor-element elementor-element-3b697fdc elementor-section-full_width elementor-section-height-default elementor-section-height-default\" data-id=\"3b697fdc\" data-element_type=\"section\" data-settings=\"{&quot;background_background&quot;:&quot;classic&quot;}\">\n\t\t\t\t\t\t<div class=\"elementor-container elementor-column-gap-default\">\n\t\t\t\t\t<div class=\"elementor-column elementor-col-100 elementor-top-column elementor-element elementor-element-7b55316\" data-id=\"7b55316\" data-element_type=\"column\" data-settings=\"{&quot;background_background&quot;:&quot;classic&quot;}\">\n\t\t\t<div class=\"elementor-widget-wrap elementor-element-populated\">\n\t\t\t\t\t\t<div class=\"elementor-element elementor-element-5ce847de elementor-widget elementor-widget-heading\" data-id=\"5ce847de\" data-element_type=\"widget\" data-widget_type=\"heading.default\">\n\t\t\t\t<div class=\"elementor-widget-container\">\n\t\t\t<h2 class=\"elementor-heading-title elementor-size-default\">LOCATION<br><span style=\"font-size:16px;font-weight:300;color:#e6e6e6\">\uc624\uc2dc\ub294\uae38<\/span><\/h2>\t\t<\/div>\n\t\t\t\t<\/div>\n\t\t\t\t<section class=\"elementor-section elementor-inner-section elementor-element elementor-element-6a644857 elementor-section-boxed elementor-section-height-default elementor-section-height-default\" data-id=\"6a644857\" data-element_type=\"section\">\n\t\t\t\t\t\t<div class=\"elementor-container elementor-column-gap-default\">\n\t\t\t\t\t<div class=\"elementor-column elementor-col-50 elementor-inner-column elementor-element elementor-element-7def4748\" data-id=\"7def4748\" data-element_type=\"column\">\n\t\t\t<div class=\"elementor-widget-wrap elementor-element-populated\">\n\t\t\t\t\t\t<div class=\"elementor-element elementor-element-200085e4 elementor-widget elementor-widget-heading\" data-id=\"200085e4\" data-element_type=\"widget\" data-widget_type=\"heading.default\">\n\t\t\t\t<div class=\"elementor-widget-container\">\n\t\t\t<h2 class=\"elementor-heading-title elementor-size-default\">Korea<\/h2>\t\t<\/div>\n\t\t\t\t<\/div>\n\t\t\t\t<div class=\"elementor-element elementor-element-1ff93280 elementor-widget elementor-widget-google_maps\" data-id=\"1ff93280\" data-element_type=\"widget\" data-widget_type=\"google_maps.default\">\n\t\t\t\t<div class=\"elementor-widget-container\">\n\t\t\t\t\t<div class=\"elementor-custom-embed\">\n\t\t\t<iframe loading=\"lazy\"\n\t\t\t\t\tsrc=\"https:\/\/maps.google.com\/maps?q=%EB%B6%80%EC%82%B0%EA%B4%91%EC%97%AD%EC%8B%9C%20%EA%B0%95%EC%84%9C%EA%B5%AC%20%ED%99%94%EC%A0%84%EC%82%B0%EB%8B%A8%202%EB%A1%9C%20134%EB%B2%88%EA%B8%B8%2038%20%2846741%29&#038;t=m&#038;z=13&#038;output=embed&#038;iwloc=near\"\n\t\t\t\t\ttitle=\"\ubd80\uc0b0\uad11\uc5ed\uc2dc \uac15\uc11c\uad6c \ud654\uc804\uc0b0\ub2e8 2\ub85c 134\ubc88\uae38 38 (46741)\"\n\t\t\t\t\taria-label=\"\ubd80\uc0b0\uad11\uc5ed\uc2dc \uac15\uc11c\uad6c \ud654\uc804\uc0b0\ub2e8 2\ub85c 134\ubc88\uae38 38 (46741)\"\n\t\t\t><\/iframe>\n\t\t<\/div>\n\t\t\t\t<\/div>\n\t\t\t\t<\/div>\n\t\t\t\t<div class=\"elementor-element elementor-element-10c9176e elementor-widget elementor-widget-text-editor\" data-id=\"10c9176e\" data-element_type=\"widget\" data-widget_type=\"text-editor.default\">\n\t\t\t\t<div class=\"elementor-widget-container\">\n\t\t\t\t\t\t\t<p>Busan office <span style=\"font-weight: 400\">134-38, Hwajeon sandan-2ro, Gangseo-gu, Busan,46741,SOUTH KOREA<\/span><\/p>\r\n\t\t\t\t\t\t<\/div>\n\t\t\t\t<\/div>\n\t\t\t\t\t<\/div>\n\t\t<\/div>\n\t\t\t\t<div class=\"elementor-column elementor-col-50 elementor-inner-column elementor-element elementor-element-421d2339\" data-id=\"421d2339\" data-element_type=\"column\">\n\t\t\t<div class=\"elementor-widget-wrap elementor-element-populated\">\n\t\t\t\t\t\t<div class=\"elementor-element elementor-element-28f4eae9 elementor-widget elementor-widget-heading\" data-id=\"28f4eae9\" data-element_type=\"widget\" data-widget_type=\"heading.default\">\n\t\t\t\t<div class=\"elementor-widget-container\">\n\t\t\t<h2 class=\"elementor-heading-title elementor-size-default\">United States<\/h2>\t\t<\/div>\n\t\t\t\t<\/div>\n\t\t\t\t<div class=\"elementor-element elementor-element-7bf3ce1b elementor-widget elementor-widget-google_maps\" data-id=\"7bf3ce1b\" data-element_type=\"widget\" data-widget_type=\"google_maps.default\">\n\t\t\t\t<div class=\"elementor-widget-container\">\n\t\t\t\t\t<div class=\"elementor-custom-embed\">\n\t\t\t<iframe loading=\"lazy\"\n\t\t\t\t\tsrc=\"https:\/\/maps.google.com\/maps?q=7004%20FLIGHT%20AVE.%20LOS%20ANGELES%2C%20CA%2090045&#038;t=m&#038;z=10&#038;output=embed&#038;iwloc=near\"\n\t\t\t\t\ttitle=\"7004 FLIGHT AVE. LOS ANGELES, CA 90045\"\n\t\t\t\t\taria-label=\"7004 FLIGHT AVE. LOS ANGELES, CA 90045\"\n\t\t\t><\/iframe>\n\t\t<\/div>\n\t\t\t\t<\/div>\n\t\t\t\t<\/div>\n\t\t\t\t<div class=\"elementor-element elementor-element-3fc231b2 elementor-widget elementor-widget-text-editor\" data-id=\"3fc231b2\" data-element_type=\"widget\" data-widget_type=\"text-editor.default\">\n\t\t\t\t<div class=\"elementor-widget-container\">\n\t\t\t\t\t\t\t<p>US Office\u00a0<span style=\"font-weight: 400\">7004 FLIGHT AVE. LOS ANGELES, CA 90045<\/span><\/p>\r\n\t\t\t\t\t\t<\/div>\n\t\t\t\t<\/div>\n\t\t\t\t\t<\/div>\n\t\t<\/div>\n\t\t\t\t\t<\/div>\n\t\t<\/section>\n\t\t\t\t\t<\/div>\n\t\t<\/div>\n\t\t\t\t\t<\/div>\n\t\t<\/section>\n\t\t\t\t<\/div>\n\t\t","protected":false},"excerpt":{"rendered":"<p>SUNGWOO E.O.E Sungwoo est n\u00e9 en raison de l&rsquo;investissement continu dans la R-D et la technologie.. Les BPANI de haute qualit\u00e9 de Sungwoo, de haute qualit\u00e9, ont rapidement acquis une reconnaissance. Sur le march\u00e9 local et asiatique, en raison du mat\u00e9riel de haute qualit\u00e9 utilis\u00e9,. La pr\u00e9cision et l&rsquo;\u00e9tablissement de prix concurrentiels. Expanding maintenant sur [&hellip;]<\/p>\n","protected":false},"author":1,"featured_media":0,"parent":0,"menu_order":0,"comment_status":"closed","ping_status":"closed","template":"","meta":{"footnotes":""},"class_list":["post-1708","page","type-page","status-publish","hentry"],"_links":{"self":[{"href":"https:\/\/sungwooeoe.com\/fr\/wp-json\/wp\/v2\/pages\/1708","targetHints":{"allow":["GET"]}}],"collection":[{"href":"https:\/\/sungwooeoe.com\/fr\/wp-json\/wp\/v2\/pages"}],"about":[{"href":"https:\/\/sungwooeoe.com\/fr\/wp-json\/wp\/v2\/types\/page"}],"author":[{"embeddable":true,"href":"https:\/\/sungwooeoe.com\/fr\/wp-json\/wp\/v2\/users\/1"}],"replies":[{"embeddable":true,"href":"https:\/\/sungwooeoe.com\/fr\/wp-json\/wp\/v2\/comments?post=1708"}],"version-history":[{"count":1,"href":"https:\/\/sungwooeoe.com\/fr\/wp-json\/wp\/v2\/pages\/1708\/revisions"}],"predecessor-version":[{"id":1709,"href":"https:\/\/sungwooeoe.com\/fr\/wp-json\/wp\/v2\/pages\/1708\/revisions\/1709"}],"wp:attachment":[{"href":"https:\/\/sungwooeoe.com\/fr\/wp-json\/wp\/v2\/media?parent=1708"}],"curies":[{"name":"wp","href":"https:\/\/api.w.org\/{rel}","templated":true}]}}